{"id":1840,"date":"2022-11-01T10:43:23","date_gmt":"2022-11-01T09:43:23","guid":{"rendered":"https:\/\/lespucesdestju.fr\/?post_type=product&#038;p=1840"},"modified":"2024-07-18T12:34:12","modified_gmt":"2024-07-18T10:34:12","slug":"petite-boite-chinoise-en-bois","status":"publish","type":"product","link":"https:\/\/lespucesdestju.fr\/?product=petite-boite-chinoise-en-bois","title":{"rendered":"Petite boite chinoise en bois"},"content":{"rendered":"<p>Petite boite chinoise en bois laqu\u00e9 noir, bords mouvement\u00e9s et d\u00e9cor de jonque sculpt\u00e9s en ivoire sur fond de paysage.<\/p>\n<p>Un des bord est abim\u00e9. couvercle l\u00e9g\u00e8rement piqu\u00e9<\/p>\n","protected":false},"excerpt":{"rendered":"<p>Petite boite chinoise en bois laqu\u00e9 noir, bords mouvement\u00e9s et d\u00e9cor de jonque sculpt\u00e9s en ivoire sur fond de paysage&#8230;.<\/p>\n","protected":false},"featured_media":1841,"comment_status":"open","ping_status":"closed","template":"","meta":[],"product_brand":[],"product_cat":[294,37],"product_tag":[86,74,60],"class_list":{"0":"post-1840","1":"product","2":"type-product","3":"status-publish","4":"has-post-thumbnail","6":"product_cat-boites-et-coffrets","7":"product_cat-decoration","8":"product_tag-bois","9":"product_tag-boite","10":"product_tag-decoration","12":"first","13":"instock","14":"sale","15":"shipping-taxable","16":"purchasable","17":"product-type-simple"},"aioseo_notices":[],"jetpack_sharing_enabled":true,"_links":{"self":[{"href":"https:\/\/lespucesdestju.fr\/index.php?rest_route=\/wp\/v2\/product\/1840","targetHints":{"allow":["GET"]}}],"collection":[{"href":"https:\/\/lespucesdestju.fr\/index.php?rest_route=\/wp\/v2\/product"}],"about":[{"href":"https:\/\/lespucesdestju.fr\/index.php?rest_route=\/wp\/v2\/types\/product"}],"replies":[{"embeddable":true,"href":"https:\/\/lespucesdestju.fr\/index.php?rest_route=%2Fwp%2Fv2%2Fcomments&post=1840"}],"wp:featuredmedia":[{"embeddable":true,"href":"https:\/\/lespucesdestju.fr\/index.php?rest_route=\/wp\/v2\/media\/1841"}],"wp:attachment":[{"href":"https:\/\/lespucesdestju.fr\/index.php?rest_route=%2Fwp%2Fv2%2Fmedia&parent=1840"}],"wp:term":[{"taxonomy":"product_brand","embeddable":true,"href":"https:\/\/lespucesdestju.fr\/index.php?rest_route=%2Fwp%2Fv2%2Fproduct_brand&post=1840"},{"taxonomy":"product_cat","embeddable":true,"href":"https:\/\/lespucesdestju.fr\/index.php?rest_route=%2Fwp%2Fv2%2Fproduct_cat&post=1840"},{"taxonomy":"product_tag","embeddable":true,"href":"https:\/\/lespucesdestju.fr\/index.php?rest_route=%2Fwp%2Fv2%2Fproduct_tag&post=1840"}],"curies":[{"name":"wp","href":"https:\/\/api.w.org\/{rel}","templated":true}]}}