{"id":1789,"date":"2022-10-27T15:33:39","date_gmt":"2022-10-27T13:33:39","guid":{"rendered":"https:\/\/lespucesdestju.fr\/?post_type=product&#038;p=1789"},"modified":"2024-01-07T14:02:37","modified_gmt":"2024-01-07T13:02:37","slug":"lampe-en-metal-et-bronze","status":"publish","type":"product","link":"https:\/\/lespucesdestju.fr\/?product=lampe-en-metal-et-bronze","title":{"rendered":"Lampe en m\u00e9tal et bronze"},"content":{"rendered":"<p>Lampe en m\u00e9tal et bronze avec des hanses \u00e0 d\u00e9core de mufle. Ancienne lampe \u00e0 p\u00e9trole mont\u00e9 au gaz au d\u00e9but du 20i\u00e8me.<\/p>\n<p>Bon \u00e9tat.<\/p>\n","protected":false},"excerpt":{"rendered":"<p>Lampe en m\u00e9tal et bronze avec des hanses \u00e0 d\u00e9core de mufle. Ancienne lampe \u00e0 p\u00e9trole mont\u00e9 au gaz au&#8230;<\/p>\n","protected":false},"featured_media":1790,"comment_status":"open","ping_status":"closed","template":"","meta":[],"product_brand":[],"product_cat":[46],"product_tag":[60,76,62],"class_list":{"0":"post-1789","1":"product","2":"type-product","3":"status-publish","4":"has-post-thumbnail","6":"product_cat-luminaires-et-eclairages","7":"product_tag-decoration","8":"product_tag-lampe","9":"product_tag-metal","11":"first","12":"instock","13":"shipping-taxable","14":"purchasable","15":"product-type-simple"},"aioseo_notices":[],"jetpack_sharing_enabled":true,"_links":{"self":[{"href":"https:\/\/lespucesdestju.fr\/index.php?rest_route=\/wp\/v2\/product\/1789","targetHints":{"allow":["GET"]}}],"collection":[{"href":"https:\/\/lespucesdestju.fr\/index.php?rest_route=\/wp\/v2\/product"}],"about":[{"href":"https:\/\/lespucesdestju.fr\/index.php?rest_route=\/wp\/v2\/types\/product"}],"replies":[{"embeddable":true,"href":"https:\/\/lespucesdestju.fr\/index.php?rest_route=%2Fwp%2Fv2%2Fcomments&post=1789"}],"wp:featuredmedia":[{"embeddable":true,"href":"https:\/\/lespucesdestju.fr\/index.php?rest_route=\/wp\/v2\/media\/1790"}],"wp:attachment":[{"href":"https:\/\/lespucesdestju.fr\/index.php?rest_route=%2Fwp%2Fv2%2Fmedia&parent=1789"}],"wp:term":[{"taxonomy":"product_brand","embeddable":true,"href":"https:\/\/lespucesdestju.fr\/index.php?rest_route=%2Fwp%2Fv2%2Fproduct_brand&post=1789"},{"taxonomy":"product_cat","embeddable":true,"href":"https:\/\/lespucesdestju.fr\/index.php?rest_route=%2Fwp%2Fv2%2Fproduct_cat&post=1789"},{"taxonomy":"product_tag","embeddable":true,"href":"https:\/\/lespucesdestju.fr\/index.php?rest_route=%2Fwp%2Fv2%2Fproduct_tag&post=1789"}],"curies":[{"name":"wp","href":"https:\/\/api.w.org\/{rel}","templated":true}]}}