{"id":1780,"date":"2022-10-27T15:04:54","date_gmt":"2022-10-27T13:04:54","guid":{"rendered":"https:\/\/lespucesdestju.fr\/?post_type=product&#038;p=1780"},"modified":"2024-07-18T15:19:54","modified_gmt":"2024-07-18T13:19:54","slug":"boite-a-bijoux","status":"publish","type":"product","link":"https:\/\/lespucesdestju.fr\/?product=boite-a-bijoux","title":{"rendered":"Boite \u00e0 bijoux"},"content":{"rendered":"<p>Petite boite \u00e0 bijoux quadripode de style rocaille. Le fond de la boite est en tissu rouge. Datant probablement du d\u00e9but 20i\u00e8me.<\/p>\n<p>Usure sur le dessus du couvercle.<\/p>\n","protected":false},"excerpt":{"rendered":"<p>Petite boite \u00e0 bijoux quadripode de style rocaille. Le fond de la boite est en tissu rouge. Datant probablement du&#8230;<\/p>\n","protected":false},"featured_media":1781,"comment_status":"open","ping_status":"closed","template":"","meta":[],"product_brand":[],"product_cat":[294,37],"product_tag":[74,60],"class_list":{"0":"post-1780","1":"product","2":"type-product","3":"status-publish","4":"has-post-thumbnail","6":"product_cat-boites-et-coffrets","7":"product_cat-decoration","8":"product_tag-boite","9":"product_tag-decoration","11":"first","12":"instock","13":"shipping-taxable","14":"purchasable","15":"product-type-simple"},"aioseo_notices":[],"jetpack_sharing_enabled":true,"_links":{"self":[{"href":"https:\/\/lespucesdestju.fr\/index.php?rest_route=\/wp\/v2\/product\/1780","targetHints":{"allow":["GET"]}}],"collection":[{"href":"https:\/\/lespucesdestju.fr\/index.php?rest_route=\/wp\/v2\/product"}],"about":[{"href":"https:\/\/lespucesdestju.fr\/index.php?rest_route=\/wp\/v2\/types\/product"}],"replies":[{"embeddable":true,"href":"https:\/\/lespucesdestju.fr\/index.php?rest_route=%2Fwp%2Fv2%2Fcomments&post=1780"}],"wp:featuredmedia":[{"embeddable":true,"href":"https:\/\/lespucesdestju.fr\/index.php?rest_route=\/wp\/v2\/media\/1781"}],"wp:attachment":[{"href":"https:\/\/lespucesdestju.fr\/index.php?rest_route=%2Fwp%2Fv2%2Fmedia&parent=1780"}],"wp:term":[{"taxonomy":"product_brand","embeddable":true,"href":"https:\/\/lespucesdestju.fr\/index.php?rest_route=%2Fwp%2Fv2%2Fproduct_brand&post=1780"},{"taxonomy":"product_cat","embeddable":true,"href":"https:\/\/lespucesdestju.fr\/index.php?rest_route=%2Fwp%2Fv2%2Fproduct_cat&post=1780"},{"taxonomy":"product_tag","embeddable":true,"href":"https:\/\/lespucesdestju.fr\/index.php?rest_route=%2Fwp%2Fv2%2Fproduct_tag&post=1780"}],"curies":[{"name":"wp","href":"https:\/\/api.w.org\/{rel}","templated":true}]}}