{"id":538,"date":"2022-02-10T15:07:44","date_gmt":"2022-02-10T14:07:44","guid":{"rendered":"https:\/\/lespucesdestju.fr\/?page_id=538"},"modified":"2024-02-10T15:34:40","modified_gmt":"2024-02-10T14:34:40","slug":"qui","status":"publish","type":"page","link":"https:\/\/lespucesdestju.fr\/?page_id=538","title":{"rendered":"Qui sommes nous ?"},"content":{"rendered":"\t\t<div data-elementor-type=\"wp-page\" data-elementor-id=\"538\" class=\"elementor elementor-538\" data-elementor-post-type=\"page\">\n\t\t\t\t\t\t<section class=\"elementor-section elementor-top-section elementor-element elementor-element-d0dd91f elementor-section-boxed elementor-section-height-default elementor-section-height-default\" data-id=\"d0dd91f\" data-element_type=\"section\">\n\t\t\t\t\t\t<div class=\"elementor-container elementor-column-gap-default\">\n\t\t\t\t\t<div class=\"elementor-column elementor-col-100 elementor-top-column elementor-element elementor-element-c6dbae8\" data-id=\"c6dbae8\" data-element_type=\"column\">\n\t\t\t<div class=\"elementor-widget-wrap elementor-element-populated\">\n\t\t\t\t\t\t<div class=\"elementor-element elementor-element-a3e3e16 elementor-widget elementor-widget-heading\" data-id=\"a3e3e16\" data-element_type=\"widget\" data-widget_type=\"heading.default\">\n\t\t\t\t<div class=\"elementor-widget-container\">\n\t\t\t\t\t<h2 class=\"elementor-heading-title elementor-size-default\">a propos <\/h2>\t\t\t\t<\/div>\n\t\t\t\t<\/div>\n\t\t\t\t<div class=\"elementor-element elementor-element-178fbce elementor-widget-divider--view-line elementor-widget elementor-widget-divider\" data-id=\"178fbce\" data-element_type=\"widget\" data-widget_type=\"divider.default\">\n\t\t\t\t<div class=\"elementor-widget-container\">\n\t\t\t\t\t\t\t<div class=\"elementor-divider\">\n\t\t\t<span class=\"elementor-divider-separator\">\n\t\t\t\t\t\t<\/span>\n\t\t<\/div>\n\t\t\t\t\t\t<\/div>\n\t\t\t\t<\/div>\n\t\t\t\t\t<\/div>\n\t\t<\/div>\n\t\t\t\t\t<\/div>\n\t\t<\/section>\n\t\t\t\t<section class=\"elementor-section elementor-top-section elementor-element elementor-element-f6dc334 elementor-section-stretched elementor-section-boxed elementor-section-height-default elementor-section-height-default\" data-id=\"f6dc334\" data-element_type=\"section\" data-settings=\"{&quot;stretch_section&quot;:&quot;section-stretched&quot;}\">\n\t\t\t\t\t\t<div class=\"elementor-container elementor-column-gap-default\">\n\t\t\t\t\t<div class=\"elementor-column elementor-col-100 elementor-top-column elementor-element elementor-element-53a2c5c\" data-id=\"53a2c5c\" data-element_type=\"column\">\n\t\t\t<div class=\"elementor-widget-wrap elementor-element-populated\">\n\t\t\t\t\t\t<div class=\"elementor-element elementor-element-46353dc elementor-widget elementor-widget-heading\" data-id=\"46353dc\" data-element_type=\"widget\" data-widget_type=\"heading.default\">\n\t\t\t\t<div class=\"elementor-widget-container\">\n\t\t\t\t\t<h2 class=\"elementor-heading-title elementor-size-default\">Qui somme nous ? <\/h2>\t\t\t\t<\/div>\n\t\t\t\t<\/div>\n\t\t\t\t<div class=\"elementor-element elementor-element-8a039f3 elementor-widget elementor-widget-spacer\" data-id=\"8a039f3\" data-element_type=\"widget\" data-widget_type=\"spacer.default\">\n\t\t\t\t<div class=\"elementor-widget-container\">\n\t\t\t\t\t\t\t<div class=\"elementor-spacer\">\n\t\t\t<div class=\"elementor-spacer-inner\"><\/div>\n\t\t<\/div>\n\t\t\t\t\t\t<\/div>\n\t\t\t\t<\/div>\n\t\t\t\t<section class=\"elementor-section elementor-inner-section elementor-element elementor-element-5588f33 elementor-section-boxed elementor-section-height-default elementor-section-height-default\" data-id=\"5588f33\" data-element_type=\"section\">\n\t\t\t\t\t\t<div class=\"elementor-container elementor-column-gap-default\">\n\t\t\t\t\t<div class=\"elementor-column elementor-col-66 elementor-inner-column elementor-element elementor-element-9eef308\" data-id=\"9eef308\" data-element_type=\"column\">\n\t\t\t<div class=\"elementor-widget-wrap elementor-element-populated\">\n\t\t\t\t\t\t<div class=\"elementor-element elementor-element-3c908de elementor-widget elementor-widget-text-editor\" data-id=\"3c908de\" data-element_type=\"widget\" data-widget_type=\"text-editor.default\">\n\t\t\t\t<div class=\"elementor-widget-container\">\n\t\t\t\t\t\t\t\t\t<p>A St Julien en Born sur la c\u00f4te landaise, \u00e0 5mn de Contis Plage, LES PUCES DE ST JU vous accueillent \u00e0 nouveau depuis juillet 2018.\u00a0<\/p><p>Apr\u00e8s des d\u00e9buts dans la peinture d\u00e9corative, et puis une longue p\u00e9riode dans le b\u00e2timent et la d\u00e9coration int\u00e9rieur, G\u00e9rald Montebello a la possibilit\u00e9 de reprendre l\u2019activit\u00e9 de brocante \u00e0 Saint Julien en Born. Il y voit l\u2019occasion de revenir \u00e0 ses premiers int\u00e9r\u00eats pour l\u2019art et la d\u00e9coration \u00e0 travers le mobilier et les objets anciens ou plus contemporains.<\/p><p>Progressivement, le magasin est am\u00e9nag\u00e9 et des travaux sont entrepris pour faire de cet ancien garage un espace de vente et d\u2019exposition entre concept store brocante et boutique d\u2019antiquit\u00e9. La proposition se veut g\u00e9n\u00e9raliste, du petit mobilier en passant par les bibelots, les objets d\u2019art, la peinture et \u201cla\u201d d\u00e9couverte que l\u2019on chine.<\/p><p>Depuis, la boutique grandit peu \u00e0 peu gr\u00e2ce \u00e0 des am\u00e9liorations apport\u00e9es au local de vente et \u00e0 l\u2019exposition.\u00a0<\/p>\t\t\t\t\t\t\t\t<\/div>\n\t\t\t\t<\/div>\n\t\t\t\t\t<\/div>\n\t\t<\/div>\n\t\t\t\t<div class=\"elementor-column elementor-col-33 elementor-inner-column elementor-element elementor-element-a6da720\" data-id=\"a6da720\" data-element_type=\"column\">\n\t\t\t<div class=\"elementor-widget-wrap elementor-element-populated\">\n\t\t\t\t\t\t<div class=\"elementor-element elementor-element-49edf3a elementor-widget elementor-widget-image\" data-id=\"49edf3a\" data-element_type=\"widget\" data-widget_type=\"image.default\">\n\t\t\t\t<div class=\"elementor-widget-container\">\n\t\t\t\t\t\t\t\t\t\t\t\t\t\t\t<img fetchpriority=\"high\" decoding=\"async\" width=\"1024\" height=\"576\" src=\"https:\/\/lespucesdestju.fr\/wp-content\/uploads\/2022\/08\/IMG_E0400-1024x576.jpg\" class=\"attachment-large size-large wp-image-1092\" alt=\"\" srcset=\"https:\/\/lespucesdestju.fr\/wp-content\/uploads\/2022\/08\/IMG_E0400-1024x576.jpg 1024w, https:\/\/lespucesdestju.fr\/wp-content\/uploads\/2022\/08\/IMG_E0400-300x169.jpg 300w, https:\/\/lespucesdestju.fr\/wp-content\/uploads\/2022\/08\/IMG_E0400-768x432.jpg 768w, https:\/\/lespucesdestju.fr\/wp-content\/uploads\/2022\/08\/IMG_E0400-1536x864.jpg 1536w, https:\/\/lespucesdestju.fr\/wp-content\/uploads\/2022\/08\/IMG_E0400-2048x1152.jpg 2048w, https:\/\/lespucesdestju.fr\/wp-content\/uploads\/2022\/08\/IMG_E0400-600x338.jpg 600w\" sizes=\"(max-width: 1024px) 100vw, 1024px\" \/>\t\t\t\t\t\t\t\t\t\t\t\t\t\t\t<\/div>\n\t\t\t\t<\/div>\n\t\t\t\t\t<\/div>\n\t\t<\/div>\n\t\t\t\t\t<\/div>\n\t\t<\/section>\n\t\t\t\t<div class=\"elementor-element elementor-element-bae65ea elementor-widget elementor-widget-spacer\" data-id=\"bae65ea\" data-element_type=\"widget\" data-widget_type=\"spacer.default\">\n\t\t\t\t<div class=\"elementor-widget-container\">\n\t\t\t\t\t\t\t<div class=\"elementor-spacer\">\n\t\t\t<div class=\"elementor-spacer-inner\"><\/div>\n\t\t<\/div>\n\t\t\t\t\t\t<\/div>\n\t\t\t\t<\/div>\n\t\t\t\t\t<\/div>\n\t\t<\/div>\n\t\t\t\t\t<\/div>\n\t\t<\/section>\n\t\t\t\t<\/div>\n\t\t","protected":false},"excerpt":{"rendered":"<p>a propos Qui somme nous ? A St Julien en Born sur la c\u00f4te landaise, \u00e0 5mn de Contis Plage,&#8230;<\/p>\n","protected":false},"author":1,"featured_media":0,"parent":0,"menu_order":0,"comment_status":"closed","ping_status":"closed","template":"","meta":{"footnotes":""},"class_list":["post-538","page","type-page","status-publish","hentry"],"aioseo_notices":[],"jetpack_sharing_enabled":true,"post-meta":{"_edit_lock":["1707575693:1"],"_elementor_edit_mode":["builder"],"_elementor_template_type":["wp-page"],"_elementor_version":["3.19.2"],"_elementor_pro_version":["3.19.2"],"_wp_page_template":["default"],"_elementor_data":["[{\"id\":\"d0dd91f\",\"elType\":\"section\",\"settings\":[],\"elements\":[{\"id\":\"c6dbae8\",\"elType\":\"column\",\"settings\":{\"_column_size\":100,\"_inline_size\":null},\"elements\":[{\"id\":\"a3e3e16\",\"elType\":\"widget\",\"settings\":{\"title\":\"a propos \",\"typography_typography\":\"custom\",\"typography_font_family\":\"harleem\",\"typography_font_weight\":\"500\",\"typography_line_height\":{\"unit\":\"px\",\"size\":41,\"sizes\":[]},\"typography_letter_spacing\":{\"unit\":\"px\",\"size\":4.8,\"sizes\":[]},\"align_mobile\":\"center\",\"align\":\"center\"},\"elements\":[],\"widgetType\":\"heading\"},{\"id\":\"178fbce\",\"elType\":\"widget\",\"settings\":{\"align\":\"center\",\"text\":\"S\\u00e9parateur\",\"weight\":{\"unit\":\"px\",\"size\":2,\"sizes\":[]},\"gap\":{\"unit\":\"px\",\"size\":10,\"sizes\":[]}},\"elements\":[],\"widgetType\":\"divider\"}],\"isInner\":false}],\"isInner\":false},{\"id\":\"f6dc334\",\"elType\":\"section\",\"settings\":{\"content_width\":{\"unit\":\"px\",\"size\":1600,\"sizes\":[]},\"stretch_section\":\"section-stretched\"},\"elements\":[{\"id\":\"53a2c5c\",\"elType\":\"column\",\"settings\":{\"_column_size\":100,\"_inline_size\":null},\"elements\":[{\"id\":\"46353dc\",\"elType\":\"widget\",\"settings\":{\"title\":\"Qui somme nous ? \",\"align\":\"center\",\"typography_typography\":\"custom\",\"typography_font_size\":{\"unit\":\"px\",\"size\":30,\"sizes\":[]},\"typography_font_weight\":\"500\"},\"elements\":[],\"widgetType\":\"heading\"},{\"id\":\"8a039f3\",\"elType\":\"widget\",\"settings\":{\"space\":{\"unit\":\"px\",\"size\":10,\"sizes\":[]}},\"elements\":[],\"widgetType\":\"spacer\"},{\"id\":\"5588f33\",\"elType\":\"section\",\"settings\":{\"content_width\":{\"unit\":\"px\",\"size\":1409,\"sizes\":[]},\"structure\":\"22\"},\"elements\":[{\"id\":\"9eef308\",\"elType\":\"column\",\"settings\":{\"_column_size\":66,\"_inline_size\":60.332},\"elements\":[{\"id\":\"3c908de\",\"elType\":\"widget\",\"settings\":{\"editor\":\"<p>A St Julien en Born sur la c\\u00f4te landaise, \\u00e0 5mn de Contis Plage, LES PUCES DE ST JU vous accueillent \\u00e0 nouveau depuis juillet 2018.\\u00a0<\\\/p><p>Apr\\u00e8s des d\\u00e9buts dans la peinture d\\u00e9corative, et puis une longue p\\u00e9riode dans le b\\u00e2timent et la d\\u00e9coration int\\u00e9rieur, G\\u00e9rald Montebello a la possibilit\\u00e9 de reprendre l\\u2019activit\\u00e9 de brocante \\u00e0 Saint Julien en Born. Il y voit l\\u2019occasion de revenir \\u00e0 ses premiers int\\u00e9r\\u00eats pour l\\u2019art et la d\\u00e9coration \\u00e0 travers le mobilier et les objets anciens ou plus contemporains.<\\\/p><p>Progressivement, le magasin est am\\u00e9nag\\u00e9 et des travaux sont entrepris pour faire de cet ancien garage un espace de vente et d\\u2019exposition entre concept store brocante et boutique d\\u2019antiquit\\u00e9. La proposition se veut g\\u00e9n\\u00e9raliste, du petit mobilier en passant par les bibelots, les objets d\\u2019art, la peinture et \\u201cla\\u201d d\\u00e9couverte que l\\u2019on chine.<\\\/p><p>Depuis, la boutique grandit peu \\u00e0 peu gr\\u00e2ce \\u00e0 des am\\u00e9liorations apport\\u00e9es au local de vente et \\u00e0 l\\u2019exposition.\\u00a0<\\\/p>\",\"text_color\":\"#757575\",\"typography_typography\":\"custom\",\"typography_font_size\":{\"unit\":\"px\",\"size\":15,\"sizes\":[]},\"typography_line_height_tablet\":{\"unit\":\"px\",\"size\":\"\",\"sizes\":[]},\"typography_line_height_mobile\":{\"unit\":\"px\",\"size\":\"\",\"sizes\":[]}},\"elements\":[],\"widgetType\":\"text-editor\"}],\"isInner\":true},{\"id\":\"a6da720\",\"elType\":\"column\",\"settings\":{\"_column_size\":33,\"_inline_size\":39,\"content_position\":\"center\"},\"elements\":[{\"id\":\"49edf3a\",\"elType\":\"widget\",\"settings\":{\"image\":{\"url\":\"https:\\\/\\\/lespucesdestju.fr\\\/wp-content\\\/uploads\\\/2022\\\/08\\\/IMG_E0400-scaled.jpg\",\"id\":1092,\"size\":\"\",\"alt\":\"\",\"source\":\"library\"},\"width\":{\"unit\":\"%\",\"size\":84,\"sizes\":[]}},\"elements\":[],\"widgetType\":\"image\"}],\"isInner\":true}],\"isInner\":true},{\"id\":\"bae65ea\",\"elType\":\"widget\",\"settings\":{\"space\":{\"unit\":\"px\",\"size\":27,\"sizes\":[]}},\"elements\":[],\"widgetType\":\"spacer\"}],\"isInner\":false}],\"isInner\":false}]"],"_edit_last":["1"],"_aioseo_title":[null],"_aioseo_description":[null],"_aioseo_keywords":[""],"_aioseo_og_title":[null],"_aioseo_og_description":[null],"_aioseo_og_article_section":[""],"_aioseo_og_article_tags":[""],"_aioseo_twitter_title":[null],"_aioseo_twitter_description":[null],"site-container":["default"],"site-header-transparent":["default"],"site-page-header":["default"],"site-sidebar":["default"],"_last_editor_used_jetpack":["block-editor"],"cmplz_hide_cookiebanner":[""],"_elementor_controls_usage":["a:7:{s:7:\"heading\";a:3:{s:5:\"count\";i:2;s:15:\"control_percent\";i:2;s:8:\"controls\";a:2:{s:7:\"content\";a:1:{s:13:\"section_title\";a:1:{s:5:\"title\";i:2;}}s:5:\"style\";a:1:{s:19:\"section_title_style\";a:7:{s:21:\"typography_typography\";i:2;s:22:\"typography_font_family\";i:1;s:22:\"typography_font_weight\";i:2;s:22:\"typography_line_height\";i:1;s:25:\"typography_letter_spacing\";i:1;s:5:\"align\";i:2;s:20:\"typography_font_size\";i:1;}}}}s:7:\"divider\";a:3:{s:5:\"count\";i:1;s:15:\"control_percent\";i:1;s:8:\"controls\";a:2:{s:7:\"content\";a:1:{s:15:\"section_divider\";a:1:{s:5:\"align\";i:1;}}s:5:\"style\";a:1:{s:21:\"section_divider_style\";a:2:{s:6:\"weight\";i:1;s:3:\"gap\";i:1;}}}}s:6:\"column\";a:3:{s:5:\"count\";i:4;s:15:\"control_percent\";i:0;s:8:\"controls\";a:1:{s:6:\"layout\";a:1:{s:6:\"layout\";a:2:{s:12:\"_inline_size\";i:4;s:16:\"content_position\";i:1;}}}}s:7:\"section\";a:3:{s:5:\"count\";i:3;s:15:\"control_percent\";i:1;s:8:\"controls\";a:1:{s:6:\"layout\";a:2:{s:14:\"section_layout\";a:2:{s:13:\"content_width\";i:2;s:15:\"stretch_section\";i:1;}s:17:\"section_structure\";a:1:{s:9:\"structure\";i:1;}}}}s:6:\"spacer\";a:3:{s:5:\"count\";i:2;s:15:\"control_percent\";i:0;s:8:\"controls\";a:1:{s:7:\"content\";a:1:{s:14:\"section_spacer\";a:1:{s:5:\"space\";i:2;}}}}s:11:\"text-editor\";a:3:{s:5:\"count\";i:1;s:15:\"control_percent\";i:1;s:8:\"controls\";a:2:{s:7:\"content\";a:1:{s:14:\"section_editor\";a:1:{s:6:\"editor\";i:1;}}s:5:\"style\";a:1:{s:13:\"section_style\";a:3:{s:10:\"text_color\";i:1;s:21:\"typography_typography\";i:1;s:20:\"typography_font_size\";i:1;}}}}s:5:\"image\";a:3:{s:5:\"count\";i:1;s:15:\"control_percent\";i:1;s:8:\"controls\";a:2:{s:7:\"content\";a:1:{s:13:\"section_image\";a:1:{s:5:\"image\";i:1;}}s:5:\"style\";a:1:{s:19:\"section_style_image\";a:1:{s:5:\"width\";i:1;}}}}}"],"_cmplz_scanned_post":["1"],"_elementor_page_assets":["a:2:{s:6:\"styles\";a:4:{i:0;s:14:\"widget-heading\";i:1;s:14:\"widget-divider\";i:2;s:13:\"widget-spacer\";i:3;s:12:\"widget-image\";}s:7:\"scripts\";a:1:{i:0;s:18:\"elementor-frontend\";}}"],"_elementor_css":["a:6:{s:4:\"time\";i:1775733363;s:5:\"fonts\";a:1:{i:0;s:7:\"harleem\";}s:5:\"icons\";a:0:{}s:20:\"dynamic_elements_ids\";a:0:{}s:6:\"status\";s:4:\"file\";i:0;s:0:\"\";}"],"_elementor_element_cache":["{\"timeout\":1776722861,\"value\":{\"content\":\"\\t\\t<section class=\\\"elementor-section elementor-top-section elementor-element elementor-element-d0dd91f elementor-section-boxed elementor-section-height-default elementor-section-height-default\\\" data-id=\\\"d0dd91f\\\" data-element_type=\\\"section\\\">\\n\\t\\t\\t\\t\\t\\t<div class=\\\"elementor-container elementor-column-gap-default\\\">\\n\\t\\t\\t\\t\\t<div class=\\\"elementor-column elementor-col-100 elementor-top-column elementor-element elementor-element-c6dbae8\\\" data-id=\\\"c6dbae8\\\" data-element_type=\\\"column\\\">\\n\\t\\t\\t<div class=\\\"elementor-widget-wrap elementor-element-populated\\\">\\n\\t\\t\\t\\t\\t\\t<div class=\\\"elementor-element elementor-element-a3e3e16 elementor-widget elementor-widget-heading\\\" data-id=\\\"a3e3e16\\\" data-element_type=\\\"widget\\\" data-widget_type=\\\"heading.default\\\">\\n\\t\\t\\t\\t<div class=\\\"elementor-widget-container\\\">\\n\\t\\t\\t\\t\\t<h2 class=\\\"elementor-heading-title elementor-size-default\\\">a propos <\\\/h2>\\t\\t\\t\\t<\\\/div>\\n\\t\\t\\t\\t<\\\/div>\\n\\t\\t\\t\\t<div class=\\\"elementor-element elementor-element-178fbce elementor-widget-divider--view-line elementor-widget elementor-widget-divider\\\" data-id=\\\"178fbce\\\" data-element_type=\\\"widget\\\" data-widget_type=\\\"divider.default\\\">\\n\\t\\t\\t\\t<div class=\\\"elementor-widget-container\\\">\\n\\t\\t\\t\\t\\t\\t\\t<div class=\\\"elementor-divider\\\">\\n\\t\\t\\t<span class=\\\"elementor-divider-separator\\\">\\n\\t\\t\\t\\t\\t\\t<\\\/span>\\n\\t\\t<\\\/div>\\n\\t\\t\\t\\t\\t\\t<\\\/div>\\n\\t\\t\\t\\t<\\\/div>\\n\\t\\t\\t\\t\\t<\\\/div>\\n\\t\\t<\\\/div>\\n\\t\\t\\t\\t\\t<\\\/div>\\n\\t\\t<\\\/section>\\n\\t\\t\\t\\t<section class=\\\"elementor-section elementor-top-section elementor-element elementor-element-f6dc334 elementor-section-stretched elementor-section-boxed elementor-section-height-default elementor-section-height-default\\\" data-id=\\\"f6dc334\\\" data-element_type=\\\"section\\\" data-settings=\\\"{&quot;stretch_section&quot;:&quot;section-stretched&quot;}\\\">\\n\\t\\t\\t\\t\\t\\t<div class=\\\"elementor-container elementor-column-gap-default\\\">\\n\\t\\t\\t\\t\\t<div class=\\\"elementor-column elementor-col-100 elementor-top-column elementor-element elementor-element-53a2c5c\\\" data-id=\\\"53a2c5c\\\" data-element_type=\\\"column\\\">\\n\\t\\t\\t<div class=\\\"elementor-widget-wrap elementor-element-populated\\\">\\n\\t\\t\\t\\t\\t\\t<div class=\\\"elementor-element elementor-element-46353dc elementor-widget elementor-widget-heading\\\" data-id=\\\"46353dc\\\" data-element_type=\\\"widget\\\" data-widget_type=\\\"heading.default\\\">\\n\\t\\t\\t\\t<div class=\\\"elementor-widget-container\\\">\\n\\t\\t\\t\\t\\t<h2 class=\\\"elementor-heading-title elementor-size-default\\\">Qui somme nous ? <\\\/h2>\\t\\t\\t\\t<\\\/div>\\n\\t\\t\\t\\t<\\\/div>\\n\\t\\t\\t\\t<div class=\\\"elementor-element elementor-element-8a039f3 elementor-widget elementor-widget-spacer\\\" data-id=\\\"8a039f3\\\" data-element_type=\\\"widget\\\" data-widget_type=\\\"spacer.default\\\">\\n\\t\\t\\t\\t<div class=\\\"elementor-widget-container\\\">\\n\\t\\t\\t\\t\\t\\t\\t<div class=\\\"elementor-spacer\\\">\\n\\t\\t\\t<div class=\\\"elementor-spacer-inner\\\"><\\\/div>\\n\\t\\t<\\\/div>\\n\\t\\t\\t\\t\\t\\t<\\\/div>\\n\\t\\t\\t\\t<\\\/div>\\n\\t\\t\\t\\t<section class=\\\"elementor-section elementor-inner-section elementor-element elementor-element-5588f33 elementor-section-boxed elementor-section-height-default elementor-section-height-default\\\" data-id=\\\"5588f33\\\" data-element_type=\\\"section\\\">\\n\\t\\t\\t\\t\\t\\t<div class=\\\"elementor-container elementor-column-gap-default\\\">\\n\\t\\t\\t\\t\\t<div class=\\\"elementor-column elementor-col-66 elementor-inner-column elementor-element elementor-element-9eef308\\\" data-id=\\\"9eef308\\\" data-element_type=\\\"column\\\">\\n\\t\\t\\t<div class=\\\"elementor-widget-wrap elementor-element-populated\\\">\\n\\t\\t\\t\\t[elementor-element k=\\\"79b1f6b1a089f23872713a9648574eec\\\" data=\\\"eyJpZCI6IjNjOTA4ZGUiLCJlbFR5cGUiOiJ3aWRnZXQiLCJzZXR0aW5ncyI6eyJlZGl0b3IiOiI8cD5BIFN0IEp1bGllbiBlbiBCb3JuIHN1ciBsYSBjXHUwMGY0dGUgbGFuZGFpc2UsIFx1MDBlMCA1bW4gZGUgQ29udGlzIFBsYWdlLCBMRVMgUFVDRVMgREUgU1QgSlUgdm91cyBhY2N1ZWlsbGVudCBcdTAwZTAgbm91dmVhdSBkZXB1aXMganVpbGxldCAyMDE4Llx1MDBhMDxcL3A+PHA+QXByXHUwMGU4cyBkZXMgZFx1MDBlOWJ1dHMgZGFucyBsYSBwZWludHVyZSBkXHUwMGU5Y29yYXRpdmUsIGV0IHB1aXMgdW5lIGxvbmd1ZSBwXHUwMGU5cmlvZGUgZGFucyBsZSBiXHUwMGUydGltZW50IGV0IGxhIGRcdTAwZTljb3JhdGlvbiBpbnRcdTAwZTlyaWV1ciwgR1x1MDBlOXJhbGQgTW9udGViZWxsbyBhIGxhIHBvc3NpYmlsaXRcdTAwZTkgZGUgcmVwcmVuZHJlIGxcdTIwMTlhY3Rpdml0XHUwMGU5IGRlIGJyb2NhbnRlIFx1MDBlMCBTYWludCBKdWxpZW4gZW4gQm9ybi4gSWwgeSB2b2l0IGxcdTIwMTlvY2Nhc2lvbiBkZSByZXZlbmlyIFx1MDBlMCBzZXMgcHJlbWllcnMgaW50XHUwMGU5clx1MDBlYXRzIHBvdXIgbFx1MjAxOWFydCBldCBsYSBkXHUwMGU5Y29yYXRpb24gXHUwMGUwIHRyYXZlcnMgbGUgbW9iaWxpZXIgZXQgbGVzIG9iamV0cyBhbmNpZW5zIG91IHBsdXMgY29udGVtcG9yYWlucy48XC9wPjxwPlByb2dyZXNzaXZlbWVudCwgbGUgbWFnYXNpbiBlc3QgYW1cdTAwZTluYWdcdTAwZTkgZXQgZGVzIHRyYXZhdXggc29udCBlbnRyZXByaXMgcG91ciBmYWlyZSBkZSBjZXQgYW5jaWVuIGdhcmFnZSB1biBlc3BhY2UgZGUgdmVudGUgZXQgZFx1MjAxOWV4cG9zaXRpb24gZW50cmUgY29uY2VwdCBzdG9yZSBicm9jYW50ZSBldCBib3V0aXF1ZSBkXHUyMDE5YW50aXF1aXRcdTAwZTkuIExhIHByb3Bvc2l0aW9uIHNlIHZldXQgZ1x1MDBlOW5cdTAwZTlyYWxpc3RlLCBkdSBwZXRpdCBtb2JpbGllciBlbiBwYXNzYW50IHBhciBsZXMgYmliZWxvdHMsIGxlcyBvYmpldHMgZFx1MjAxOWFydCwgbGEgcGVpbnR1cmUgZXQgXHUyMDFjbGFcdTIwMWQgZFx1MDBlOWNvdXZlcnRlIHF1ZSBsXHUyMDE5b24gY2hpbmUuPFwvcD48cD5EZXB1aXMsIGxhIGJvdXRpcXVlIGdyYW5kaXQgcGV1IFx1MDBlMCBwZXUgZ3JcdTAwZTJjZSBcdTAwZTAgZGVzIGFtXHUwMGU5bGlvcmF0aW9ucyBhcHBvcnRcdTAwZTllcyBhdSBsb2NhbCBkZSB2ZW50ZSBldCBcdTAwZTAgbFx1MjAxOWV4cG9zaXRpb24uXHUwMGEwPFwvcD4iLCJ0ZXh0X2NvbG9yIjoiIzc1NzU3NSIsInR5cG9ncmFwaHlfdHlwb2dyYXBoeSI6ImN1c3RvbSIsInR5cG9ncmFwaHlfZm9udF9zaXplIjp7InVuaXQiOiJweCIsInNpemUiOjE1LCJzaXplcyI6W119LCJ0eXBvZ3JhcGh5X2xpbmVfaGVpZ2h0X3RhYmxldCI6eyJ1bml0IjoicHgiLCJzaXplIjoiIiwic2l6ZXMiOltdfSwidHlwb2dyYXBoeV9saW5lX2hlaWdodF9tb2JpbGUiOnsidW5pdCI6InB4Iiwic2l6ZSI6IiIsInNpemVzIjpbXX19LCJlbGVtZW50cyI6W10sIndpZGdldFR5cGUiOiJ0ZXh0LWVkaXRvciJ9\\\"]\\t\\t\\t<\\\/div>\\n\\t\\t<\\\/div>\\n\\t\\t\\t\\t<div class=\\\"elementor-column elementor-col-33 elementor-inner-column elementor-element elementor-element-a6da720\\\" data-id=\\\"a6da720\\\" data-element_type=\\\"column\\\">\\n\\t\\t\\t<div class=\\\"elementor-widget-wrap elementor-element-populated\\\">\\n\\t\\t\\t\\t\\t\\t<div class=\\\"elementor-element elementor-element-49edf3a elementor-widget elementor-widget-image\\\" data-id=\\\"49edf3a\\\" data-element_type=\\\"widget\\\" data-widget_type=\\\"image.default\\\">\\n\\t\\t\\t\\t<div class=\\\"elementor-widget-container\\\">\\n\\t\\t\\t\\t\\t\\t\\t\\t\\t\\t\\t\\t\\t\\t\\t<img width=\\\"1024\\\" height=\\\"576\\\" src=\\\"https:\\\/\\\/lespucesdestju.fr\\\/wp-content\\\/uploads\\\/2022\\\/08\\\/IMG_E0400-1024x576.jpg\\\" class=\\\"attachment-large size-large wp-image-1092\\\" alt=\\\"\\\" srcset=\\\"https:\\\/\\\/lespucesdestju.fr\\\/wp-content\\\/uploads\\\/2022\\\/08\\\/IMG_E0400-1024x576.jpg 1024w, https:\\\/\\\/lespucesdestju.fr\\\/wp-content\\\/uploads\\\/2022\\\/08\\\/IMG_E0400-300x169.jpg 300w, https:\\\/\\\/lespucesdestju.fr\\\/wp-content\\\/uploads\\\/2022\\\/08\\\/IMG_E0400-768x432.jpg 768w, https:\\\/\\\/lespucesdestju.fr\\\/wp-content\\\/uploads\\\/2022\\\/08\\\/IMG_E0400-1536x864.jpg 1536w, https:\\\/\\\/lespucesdestju.fr\\\/wp-content\\\/uploads\\\/2022\\\/08\\\/IMG_E0400-2048x1152.jpg 2048w, https:\\\/\\\/lespucesdestju.fr\\\/wp-content\\\/uploads\\\/2022\\\/08\\\/IMG_E0400-600x338.jpg 600w\\\" sizes=\\\"(max-width: 1024px) 100vw, 1024px\\\" \\\/>\\t\\t\\t\\t\\t\\t\\t\\t\\t\\t\\t\\t\\t\\t\\t<\\\/div>\\n\\t\\t\\t\\t<\\\/div>\\n\\t\\t\\t\\t\\t<\\\/div>\\n\\t\\t<\\\/div>\\n\\t\\t\\t\\t\\t<\\\/div>\\n\\t\\t<\\\/section>\\n\\t\\t\\t\\t<div class=\\\"elementor-element elementor-element-bae65ea elementor-widget elementor-widget-spacer\\\" data-id=\\\"bae65ea\\\" data-element_type=\\\"widget\\\" data-widget_type=\\\"spacer.default\\\">\\n\\t\\t\\t\\t<div class=\\\"elementor-widget-container\\\">\\n\\t\\t\\t\\t\\t\\t\\t<div class=\\\"elementor-spacer\\\">\\n\\t\\t\\t<div class=\\\"elementor-spacer-inner\\\"><\\\/div>\\n\\t\\t<\\\/div>\\n\\t\\t\\t\\t\\t\\t<\\\/div>\\n\\t\\t\\t\\t<\\\/div>\\n\\t\\t\\t\\t\\t<\\\/div>\\n\\t\\t<\\\/div>\\n\\t\\t\\t\\t\\t<\\\/div>\\n\\t\\t<\\\/section>\\n\\t\\t\",\"scripts\":[],\"styles\":[]}}"]},"_links":{"self":[{"href":"https:\/\/lespucesdestju.fr\/index.php?rest_route=\/wp\/v2\/pages\/538","targetHints":{"allow":["GET"]}}],"collection":[{"href":"https:\/\/lespucesdestju.fr\/index.php?rest_route=\/wp\/v2\/pages"}],"about":[{"href":"https:\/\/lespucesdestju.fr\/index.php?rest_route=\/wp\/v2\/types\/page"}],"author":[{"embeddable":true,"href":"https:\/\/lespucesdestju.fr\/index.php?rest_route=\/wp\/v2\/users\/1"}],"replies":[{"embeddable":true,"href":"https:\/\/lespucesdestju.fr\/index.php?rest_route=%2Fwp%2Fv2%2Fcomments&post=538"}],"version-history":[{"count":20,"href":"https:\/\/lespucesdestju.fr\/index.php?rest_route=\/wp\/v2\/pages\/538\/revisions"}],"predecessor-version":[{"id":3873,"href":"https:\/\/lespucesdestju.fr\/index.php?rest_route=\/wp\/v2\/pages\/538\/revisions\/3873"}],"wp:attachment":[{"href":"https:\/\/lespucesdestju.fr\/index.php?rest_route=%2Fwp%2Fv2%2Fmedia&parent=538"}],"curies":[{"name":"wp","href":"https:\/\/api.w.org\/{rel}","templated":true}]}}